{"id":487,"date":"2026-01-17T18:26:35","date_gmt":"2026-01-17T18:26:35","guid":{"rendered":"https:\/\/www.lastellaconsulting.com\/conseil-en-marques-de-lunetterie\/"},"modified":"2026-04-17T16:55:22","modified_gmt":"2026-04-17T16:55:22","slug":"conseil-en-marques-de-lunetterie","status":"publish","type":"page","link":"https:\/\/www.lastellaconsulting.com\/fr\/","title":{"rendered":"Conseil en marques de lunetterie"},"content":{"rendered":"\t\t<div data-elementor-type=\"wp-page\" data-elementor-id=\"487\" class=\"elementor elementor-487 elementor-54\" data-elementor-post-type=\"page\">\n\t\t\t\t<div class=\"elementor-element elementor-element-49679ea e-flex e-con-boxed e-con e-parent\" data-id=\"49679ea\" data-element_type=\"container\" data-e-type=\"container\" data-settings=\"{&quot;background_background&quot;:&quot;classic&quot;}\">\n\t\t\t\t\t<div class=\"e-con-inner\">\n\t\t\t\t\t<\/div>\n\t\t\t\t<\/div>\n\t\t<div class=\"elementor-element elementor-element-54f287b e-con-full elementor-hidden-tablet elementor-hidden-mobile e-flex e-con e-parent\" data-id=\"54f287b\" data-element_type=\"container\" data-e-type=\"container\" data-settings=\"{&quot;background_background&quot;:&quot;classic&quot;}\">\n\t\t\t\t<div class=\"elementor-element elementor-element-a59eac4 elementor-widget-mobile__width-initial elementor-widget elementor-widget-heading\" data-id=\"a59eac4\" data-element_type=\"widget\" data-e-type=\"widget\" data-widget_type=\"heading.default\">\n\t\t\t\t\t<h1 class=\"elementor-heading-title elementor-size-default\">Conseil strat\u00e9gique<br> pour marques de lunetterie<\/h1>\t\t\t\t<\/div>\n\t\t\t\t<div class=\"elementor-element elementor-element-0704506 elementor-widget elementor-widget-heading\" data-id=\"0704506\" data-element_type=\"widget\" data-e-type=\"widget\" data-widget_type=\"heading.default\">\n\t\t\t\t\t<h4 class=\"elementor-heading-title elementor-size-default\">De la cr\u00e9ation du produit au d\u00e9veloppement commercial international.<\/h4>\t\t\t\t<\/div>\n\t\t\t\t<\/div>\n\t\t<div class=\"elementor-element elementor-element-cc5f1c8 e-con-full elementor-hidden-desktop e-flex e-con e-parent\" data-id=\"cc5f1c8\" data-element_type=\"container\" data-e-type=\"container\" data-settings=\"{&quot;background_background&quot;:&quot;classic&quot;}\">\n\t\t\t\t<\/div>\n\t\t<div class=\"elementor-element elementor-element-4d64089 e-con-full e-flex e-con e-parent\" data-id=\"4d64089\" data-element_type=\"container\" data-e-type=\"container\">\n\t\t<div class=\"elementor-element elementor-element-a63121d e-con-full e-flex e-con e-child\" data-id=\"a63121d\" data-element_type=\"container\" data-e-type=\"container\">\n\t\t\t\t<div class=\"elementor-element elementor-element-73ffb42 elementor-widget elementor-widget-text-editor\" data-id=\"73ffb42\" data-element_type=\"widget\" data-e-type=\"widget\" data-widget_type=\"text-editor.default\">\n\t\t\t\t\t\t\t\t\t<p>Nous accompagnons les marques de lunettes \u00e0 chaque \u00e9tape de leur d\u00e9veloppement : strat\u00e9gie, cr\u00e9ation, production, marketing et distribution. Notre force repose sur una connaissance approfondie du march\u00e9, un r\u00e9seau international solide et une approche sur mesure<\/p><p>Nous ne proposons pas de m\u00e9thodes standardis\u00e9es.<\/p>\t\t\t\t\t\t\t\t<\/div>\n\t\t\t\t<div class=\"elementor-element elementor-element-393bbf2 elementor-widget elementor-widget-heading\" data-id=\"393bbf2\" data-element_type=\"widget\" data-e-type=\"widget\" data-widget_type=\"heading.default\">\n\t\t\t\t\t<h2 class=\"elementor-heading-title elementor-size-default\">Nous construisons des marques durables, coh\u00e9rentes et d\u00e9sirables.<\/h2>\t\t\t\t<\/div>\n\t\t\t\t<div class=\"elementor-element elementor-element-68165d5 elementor-cta--skin-cover elementor-widget__width-inherit elementor-bg-transform elementor-bg-transform-zoom-in elementor-widget elementor-widget-call-to-action\" data-id=\"68165d5\" data-element_type=\"widget\" data-e-type=\"widget\" data-widget_type=\"call-to-action.default\">\n\t\t\t\t\t\t\t<div class=\"elementor-cta\">\n\t\t\t\t\t<div class=\"elementor-cta__bg-wrapper\">\n\t\t\t\t<div class=\"elementor-cta__bg elementor-bg\" style=\"background-image: url();\" role=\"img\" aria-label=\"\"><\/div>\n\t\t\t\t<div class=\"elementor-cta__bg-overlay\"><\/div>\n\t\t\t<\/div>\n\t\t\t\t\t\t\t<div class=\"elementor-cta__content\">\n\t\t\t\t\n\t\t\t\t\n\t\t\t\t\n\t\t\t\t\t\t\t\t\t<div class=\"elementor-cta__button-wrapper elementor-cta__content-item elementor-content-item \">\n\t\t\t\t\t<a class=\"elementor-cta__button elementor-button elementor-size-\" href=\"https:\/\/www.lastellaconsulting.com\/contatti\/\">\n\t\t\t\t\t\tParlons de votre marque\t\t\t\t\t<\/a>\n\t\t\t\t\t<\/div>\n\t\t\t\t\t\t\t<\/div>\n\t\t\t\t\t\t<\/div>\n\t\t\t\t\t\t<\/div>\n\t\t\t\t<\/div>\n\t\t\t\t<\/div>\n\t\t\t\t<\/div>\n\t\t","protected":false},"excerpt":{"rendered":"<p>Conseil strat\u00e9gique pour marques de lunetterie De la cr\u00e9ation du produit au d\u00e9veloppement commercial international. Nous accompagnons les marques de lunettes \u00e0 chaque \u00e9tape de leur d\u00e9veloppement : strat\u00e9gie, cr\u00e9ation, production, marketing et distribution. Notre force repose sur una connaissance approfondie du march\u00e9, un r\u00e9seau international solide et une approche sur mesure Nous ne proposons [&hellip;]<\/p>\n","protected":false},"author":1,"featured_media":0,"parent":0,"menu_order":0,"comment_status":"closed","ping_status":"closed","template":"","meta":{"footnotes":""},"class_list":["post-487","page","type-page","status-publish","hentry"],"_links":{"self":[{"href":"https:\/\/www.lastellaconsulting.com\/fr\/wp-json\/wp\/v2\/pages\/487","targetHints":{"allow":["GET"]}}],"collection":[{"href":"https:\/\/www.lastellaconsulting.com\/fr\/wp-json\/wp\/v2\/pages"}],"about":[{"href":"https:\/\/www.lastellaconsulting.com\/fr\/wp-json\/wp\/v2\/types\/page"}],"author":[{"embeddable":true,"href":"https:\/\/www.lastellaconsulting.com\/fr\/wp-json\/wp\/v2\/users\/1"}],"replies":[{"embeddable":true,"href":"https:\/\/www.lastellaconsulting.com\/fr\/wp-json\/wp\/v2\/comments?post=487"}],"version-history":[{"count":1,"href":"https:\/\/www.lastellaconsulting.com\/fr\/wp-json\/wp\/v2\/pages\/487\/revisions"}],"predecessor-version":[{"id":495,"href":"https:\/\/www.lastellaconsulting.com\/fr\/wp-json\/wp\/v2\/pages\/487\/revisions\/495"}],"wp:attachment":[{"href":"https:\/\/www.lastellaconsulting.com\/fr\/wp-json\/wp\/v2\/media?parent=487"}],"curies":[{"name":"wp","href":"https:\/\/api.w.org\/{rel}","templated":true}]}}