{"id":556,"date":"2026-01-19T23:02:56","date_gmt":"2026-01-19T23:02:56","guid":{"rendered":"https:\/\/www.lastellaconsulting.com\/reseaux-internationaux\/"},"modified":"2026-04-17T18:01:55","modified_gmt":"2026-04-17T18:01:55","slug":"reseaux-internationaux","status":"publish","type":"page","link":"https:\/\/www.lastellaconsulting.com\/fr\/reseaux-internationaux\/","title":{"rendered":"r\u00e9seaux internationaux"},"content":{"rendered":"\t\t<div data-elementor-type=\"wp-page\" data-elementor-id=\"556\" class=\"elementor elementor-556 elementor-137\" data-elementor-post-type=\"page\">\n\t\t\t\t<div class=\"elementor-element elementor-element-54f287b e-con-full e-flex e-con e-parent\" data-id=\"54f287b\" data-element_type=\"container\" data-e-type=\"container\" data-settings=\"{&quot;background_background&quot;:&quot;classic&quot;}\">\n\t\t\t\t<div class=\"elementor-element elementor-element-a59eac4 elementor-widget elementor-widget-heading\" data-id=\"a59eac4\" data-element_type=\"widget\" data-e-type=\"widget\" data-widget_type=\"heading.default\">\n\t\t\t\t\t<h1 class=\"elementor-heading-title elementor-size-default\">R\u00e9seaux internationaux<\/h1>\t\t\t\t<\/div>\n\t\t\t\t<div class=\"elementor-element elementor-element-0704506 elementor-widget elementor-widget-heading\" data-id=\"0704506\" data-element_type=\"widget\" data-e-type=\"widget\" data-widget_type=\"heading.default\">\n\t\t\t\t\t<h4 class=\"elementor-heading-title elementor-size-default\">Une approche cross-market, con\u00e7ue pour durer dans le temps.<\/h4>\t\t\t\t<\/div>\n\t\t\t\t<\/div>\n\t\t<div class=\"elementor-element elementor-element-de9a3fb e-con-full e-flex e-con e-parent\" data-id=\"de9a3fb\" data-element_type=\"container\" data-e-type=\"container\">\n\t\t<div class=\"elementor-element elementor-element-fcdb5f8 e-con-full e-flex e-con e-child\" data-id=\"fcdb5f8\" data-element_type=\"container\" data-e-type=\"container\">\n\t\t\t\t<div class=\"elementor-element elementor-element-b94a0ec elementor-widget elementor-widget-image\" data-id=\"b94a0ec\" data-element_type=\"widget\" data-e-type=\"widget\" data-widget_type=\"image.default\">\n\t\t\t\t\t\t\t\t\t\t\t\t\t\t\t<img fetchpriority=\"high\" decoding=\"async\" width=\"796\" height=\"1024\" src=\"https:\/\/www.lastellaconsulting.com\/wp-content\/uploads\/2026\/01\/glasses1-796x1024.jpeg\" class=\"attachment-large size-large wp-image-494\" alt=\"\" srcset=\"https:\/\/www.lastellaconsulting.com\/wp-content\/uploads\/2026\/01\/glasses1-796x1024.jpeg 796w, https:\/\/www.lastellaconsulting.com\/wp-content\/uploads\/2026\/01\/glasses1-233x300.jpeg 233w, https:\/\/www.lastellaconsulting.com\/wp-content\/uploads\/2026\/01\/glasses1-768x987.jpeg 768w, https:\/\/www.lastellaconsulting.com\/wp-content\/uploads\/2026\/01\/glasses1.jpeg 896w\" sizes=\"(max-width: 796px) 100vw, 796px\" \/>\t\t\t\t\t\t\t\t\t\t\t\t\t\t\t<\/div>\n\t\t\t\t<\/div>\n\t\t<div class=\"elementor-element elementor-element-40e5821 e-con-full e-flex e-con e-child\" data-id=\"40e5821\" data-element_type=\"container\" data-e-type=\"container\" data-settings=\"{&quot;background_background&quot;:&quot;classic&quot;}\">\n\t\t\t\t<div class=\"elementor-element elementor-element-1106fdf elementor-hidden-tablet elementor-hidden-mobile elementor-widget elementor-widget-text-editor\" data-id=\"1106fdf\" data-element_type=\"widget\" data-e-type=\"widget\" data-widget_type=\"text-editor.default\">\n\t\t\t\t\t\t\t\t\t<p>Notre force repose sur un \u00e9cosyst\u00e8me structur\u00e9 :<\/p><p>Agents commerciaux<br>Producteurs et manufactures<br>Designers et cr\u00e9atifs<br>Showrooms et partenaires internationaux<\/p>\t\t\t\t\t\t\t\t<\/div>\n\t\t\t\t<div class=\"elementor-element elementor-element-641581b elementor-hidden-desktop elementor-widget elementor-widget-text-editor\" data-id=\"641581b\" data-element_type=\"widget\" data-e-type=\"widget\" data-widget_type=\"text-editor.default\">\n\t\t\t\t\t\t\t\t\t<p>Notre force repose sur un \u00e9cosyst\u00e8me structur\u00e9 :<\/p><p>Agents commerciaux<br>Producteurs et manufactures<br>Designers et cr\u00e9atifs<br>Showrooms et partenaires internationaux<\/p>\t\t\t\t\t\t\t\t<\/div>\n\t\t\t\t<\/div>\n\t\t\t\t<\/div>\n\t\t\t\t<\/div>\n\t\t","protected":false},"excerpt":{"rendered":"<p>R\u00e9seaux internationaux Une approche cross-market, con\u00e7ue pour durer dans le temps. Notre force repose sur un \u00e9cosyst\u00e8me structur\u00e9 : Agents commerciauxProducteurs et manufacturesDesigners et cr\u00e9atifsShowrooms et partenaires internationaux Notre force repose sur un \u00e9cosyst\u00e8me structur\u00e9 : Agents commerciauxProducteurs et manufacturesDesigners et cr\u00e9atifsShowrooms et partenaires internationaux<\/p>\n","protected":false},"author":1,"featured_media":0,"parent":0,"menu_order":0,"comment_status":"closed","ping_status":"closed","template":"","meta":{"footnotes":""},"class_list":["post-556","page","type-page","status-publish","hentry"],"_links":{"self":[{"href":"https:\/\/www.lastellaconsulting.com\/fr\/wp-json\/wp\/v2\/pages\/556","targetHints":{"allow":["GET"]}}],"collection":[{"href":"https:\/\/www.lastellaconsulting.com\/fr\/wp-json\/wp\/v2\/pages"}],"about":[{"href":"https:\/\/www.lastellaconsulting.com\/fr\/wp-json\/wp\/v2\/types\/page"}],"author":[{"embeddable":true,"href":"https:\/\/www.lastellaconsulting.com\/fr\/wp-json\/wp\/v2\/users\/1"}],"replies":[{"embeddable":true,"href":"https:\/\/www.lastellaconsulting.com\/fr\/wp-json\/wp\/v2\/comments?post=556"}],"version-history":[{"count":1,"href":"https:\/\/www.lastellaconsulting.com\/fr\/wp-json\/wp\/v2\/pages\/556\/revisions"}],"predecessor-version":[{"id":557,"href":"https:\/\/www.lastellaconsulting.com\/fr\/wp-json\/wp\/v2\/pages\/556\/revisions\/557"}],"wp:attachment":[{"href":"https:\/\/www.lastellaconsulting.com\/fr\/wp-json\/wp\/v2\/media?parent=556"}],"curies":[{"name":"wp","href":"https:\/\/api.w.org\/{rel}","templated":true}]}}